{"id":20,"date":"2020-03-11T09:00:30","date_gmt":"2020-03-11T09:00:30","guid":{"rendered":"https:\/\/alegre.180gr.com\/?page_id=20"},"modified":"2023-09-27T16:13:31","modified_gmt":"2023-09-27T16:13:31","slug":"calefaccion","status":"publish","type":"page","link":"https:\/\/instalacionesalegre.com\/index.php\/servicios\/calefaccion\/","title":{"rendered":"Calefacci\u00f3n"},"content":{"rendered":"<div class=\"fusion-fullwidth fullwidth-box fusion-builder-row-1 fusion-flex-container nonhundred-percent-fullwidth non-hundred-percent-height-scrolling\" style=\"--awb-border-radius-top-left:0px;--awb-border-radius-top-right:0px;--awb-border-radius-bottom-right:0px;--awb-border-radius-bottom-left:0px;--awb-padding-right:0px;--awb-padding-left:0px;--awb-flex-wrap:wrap;\" ><div class=\"fusion-builder-row fusion-row fusion-flex-align-items-flex-start fusion-flex-content-wrap\" style=\"max-width:1185.6px;margin-left: calc(-4% \/ 2 );margin-right: calc(-4% \/ 2 );\"><div class=\"fusion-layout-column fusion_builder_column fusion-builder-column-0 fusion_builder_column_1_1 1_1 fusion-flex-column fusion-animated\" style=\"--awb-bg-size:cover;--awb-width-large:100%;--awb-margin-top-large:0px;--awb-spacing-right-large:1.92%;--awb-margin-bottom-large:20px;--awb-spacing-left-large:1.92%;--awb-width-medium:100%;--awb-spacing-right-medium:1.92%;--awb-spacing-left-medium:1.92%;--awb-width-small:100%;--awb-spacing-right-small:1.92%;--awb-spacing-left-small:1.92%;\" data-animationType=\"fadeInUp\" data-animationDuration=\"1.0\" data-animationOffset=\"top-into-view\"><div class=\"fusion-column-wrapper fusion-column-has-shadow fusion-flex-justify-content-flex-start fusion-content-layout-column\"><div class=\"fusion-image-element \" style=\"--awb-caption-title-font-family:var(--h2_typography-font-family);--awb-caption-title-font-weight:var(--h2_typography-font-weight);--awb-caption-title-font-style:var(--h2_typography-font-style);--awb-caption-title-size:var(--h2_typography-font-size);--awb-caption-title-transform:var(--h2_typography-text-transform);--awb-caption-title-line-height:var(--h2_typography-line-height);--awb-caption-title-letter-spacing:var(--h2_typography-letter-spacing);\"><span class=\" fusion-imageframe imageframe-none imageframe-1 hover-type-none\" style=\"border-radius:8px;\"><img decoding=\"async\" width=\"1415\" height=\"1060\" alt=\"Climatizacion instalaciones alegre\" title=\"Boiler Install\" src=\"data:image\/svg+xml,%3Csvg%20xmlns%3D%27http%3A%2F%2Fwww.w3.org%2F2000%2Fsvg%27%20width%3D%271415%27%20height%3D%271060%27%20viewBox%3D%270%200%201415%201060%27%3E%3Crect%20width%3D%271415%27%20height%3D%271060%27%20fill-opacity%3D%220%22%2F%3E%3C%2Fsvg%3E\" data-orig-src=\"https:\/\/instalacionesalegre.com\/wp-content\/uploads\/2020\/08\/boiler-isntall.jpg\" class=\"lazyload img-responsive wp-image-740\"\/><\/span><\/div><div class=\"fusion-title title fusion-title-1 fusion-sep-none fusion-title-text fusion-title-size-three\" style=\"--awb-margin-top:40px;--awb-margin-bottom:30px;--awb-margin-top-small:40px;--awb-margin-bottom-small:30px;\"><h3 class=\"fusion-title-heading title-heading-left fusion-responsive-typography-calculated\" style=\"margin:0;text-transform:capitalize;--fontSize:28;line-height:1.2;\">Calefacci\u00f3n<\/h3><\/div><div class=\"fusion-text fusion-text-1\"><p><strong>Servicios de Calefacci\u00f3n<\/strong><\/p>\n<p>En nuestra empresa, nos enorgullece ofrecer una amplia gama de servicios de calefacci\u00f3n dise\u00f1ados para satisfacer sus necesidades en el hogar, la oficina, locales comerciales y otros tipos de instalaciones. Siempre nos esforzamos por brindar soluciones que combinen fiabilidad, eficiencia econ\u00f3mica y un servicio de primera calidad.<\/p>\n<p><strong>Calefacci\u00f3n Eficiente y Sostenible<\/strong><\/p>\n<p>Somos l\u00edderes en el \u00e1mbito nacional en sistemas de geotermia, una tecnolog\u00eda revolucionaria que aprovecha el calor terrestre en beneficio de la comodidad de su hogar. La geotermia convierte la energ\u00eda t\u00e9rmica de la Tierra en una fuente de calor renovable y eficiente. Esta tecnolog\u00eda no solo reduce sus costos de calefacci\u00f3n a largo plazo, sino que tambi\u00e9n contribuye a la preservaci\u00f3n del medio ambiente al utilizar una fuente de energ\u00eda inagotable y limpia.<\/p>\n<p><strong>Ventajas de Nuestros Servicios de Calefacci\u00f3n<\/strong><\/p>\n<ul>\n<li><strong>Eficiencia Energ\u00e9tica<\/strong>: Nuestros sistemas de calefacci\u00f3n est\u00e1n dise\u00f1ados para maximizar la eficiencia energ\u00e9tica, lo que se traduce en un menor consumo de combustible y facturas de calefacci\u00f3n m\u00e1s bajas.<\/li>\n<li><strong>Sostenibilidad Ambiental<\/strong>: La geotermia es una opci\u00f3n amigable con el medio ambiente al reducir las emisiones de carbono y depender de una fuente de energ\u00eda renovable.<\/li>\n<li><strong>Confort Personalizado<\/strong>: Ofrecemos soluciones de calefacci\u00f3n personalizadas para adaptarse a sus necesidades espec\u00edficas, garantizando un ambiente c\u00e1lido y acogedor en todo momento.<\/li>\n<li><strong>Experiencia y Calidad<\/strong>: Contamos con un equipo de expertos en sistemas de calefacci\u00f3n que se aseguran de que cada instalaci\u00f3n se realice con la m\u00e1xima calidad y atenci\u00f3n al detalle.<\/li>\n<\/ul>\n<p>Descubra c\u00f3mo la geotermia puede transformar su experiencia de calefacci\u00f3n y hacer que su hogar sea m\u00e1s eficiente y respetuoso con el medio ambiente. En Instalaciones Alegre, estamos comprometidos a brindarle las soluciones m\u00e1s avanzadas y efectivas para mantener su espacio c\u00e1lido y confortable durante todo el a\u00f1o.<\/p>\n<\/div><\/div><\/div><\/div><\/div>\n","protected":false},"excerpt":{"rendered":"","protected":false},"author":1,"featured_media":742,"parent":14,"menu_order":0,"comment_status":"closed","ping_status":"closed","template":"100-width.php","meta":{"footnotes":""},"class_list":["post-20","page","type-page","status-publish","has-post-thumbnail","hentry"],"yoast_head":"<!-- This site is optimized with the Yoast SEO plugin v21.7 - https:\/\/yoast.com\/wordpress\/plugins\/seo\/ -->\n<title>Calefacci\u00f3n - Instalaciones Alegre<\/title>\n<meta name=\"description\" content=\"Descubre nuestra calefacci\u00f3n eficiente en Instalaciones Alegre. Calor y confort para tu hogar o negocio. Pide presupuesto\" \/>\n<meta name=\"robots\" content=\"index, follow, max-snippet:-1, max-image-preview:large, max-video-preview:-1\" \/>\n<link rel=\"canonical\" href=\"https:\/\/instalacionesalegre.com\/index.php\/servicios\/calefaccion\/\" \/>\n<meta property=\"og:locale\" content=\"es_ES\" \/>\n<meta property=\"og:type\" content=\"article\" \/>\n<meta property=\"og:title\" content=\"Calefacci\u00f3n - Instalaciones Alegre\" \/>\n<meta property=\"og:description\" content=\"Descubre nuestra calefacci\u00f3n eficiente en Instalaciones Alegre. Calor y confort para tu hogar o negocio. Pide presupuesto\" \/>\n<meta property=\"og:url\" content=\"https:\/\/instalacionesalegre.com\/index.php\/servicios\/calefaccion\/\" \/>\n<meta property=\"og:site_name\" content=\"Instalaciones Alegre\" \/>\n<meta property=\"article:modified_time\" content=\"2023-09-27T16:13:31+00:00\" \/>\n<meta property=\"og:image\" content=\"https:\/\/instalacionesalegre.com\/wp-content\/uploads\/2020\/08\/boiler-hero.jpg\" \/>\n\t<meta property=\"og:image:width\" content=\"2560\" \/>\n\t<meta property=\"og:image:height\" content=\"1017\" \/>\n\t<meta property=\"og:image:type\" content=\"image\/jpeg\" \/>\n<meta name=\"twitter:card\" content=\"summary_large_image\" \/>\n<meta name=\"twitter:label1\" content=\"Tiempo de lectura\" \/>\n\t<meta name=\"twitter:data1\" content=\"3 minutos\" \/>\n<script type=\"application\/ld+json\" class=\"yoast-schema-graph\">{\"@context\":\"https:\/\/schema.org\",\"@graph\":[{\"@type\":\"WebPage\",\"@id\":\"https:\/\/instalacionesalegre.com\/index.php\/servicios\/calefaccion\/\",\"url\":\"https:\/\/instalacionesalegre.com\/index.php\/servicios\/calefaccion\/\",\"name\":\"Calefacci\u00f3n - Instalaciones Alegre\",\"isPartOf\":{\"@id\":\"https:\/\/instalacionesalegre.com\/#website\"},\"datePublished\":\"2020-03-11T09:00:30+00:00\",\"dateModified\":\"2023-09-27T16:13:31+00:00\",\"description\":\"Descubre nuestra calefacci\u00f3n eficiente en Instalaciones Alegre. Calor y confort para tu hogar o negocio. Pide presupuesto\",\"breadcrumb\":{\"@id\":\"https:\/\/instalacionesalegre.com\/index.php\/servicios\/calefaccion\/#breadcrumb\"},\"inLanguage\":\"es\",\"potentialAction\":[{\"@type\":\"ReadAction\",\"target\":[\"https:\/\/instalacionesalegre.com\/index.php\/servicios\/calefaccion\/\"]}]},{\"@type\":\"BreadcrumbList\",\"@id\":\"https:\/\/instalacionesalegre.com\/index.php\/servicios\/calefaccion\/#breadcrumb\",\"itemListElement\":[{\"@type\":\"ListItem\",\"position\":1,\"name\":\"Portada\",\"item\":\"https:\/\/instalacionesalegre.com\/\"},{\"@type\":\"ListItem\",\"position\":2,\"name\":\"Servicios\",\"item\":\"https:\/\/instalacionesalegre.com\/index.php\/servicios\/\"},{\"@type\":\"ListItem\",\"position\":3,\"name\":\"Calefacci\u00f3n\"}]},{\"@type\":\"WebSite\",\"@id\":\"https:\/\/instalacionesalegre.com\/#website\",\"url\":\"https:\/\/instalacionesalegre.com\/\",\"name\":\"Instalaciones Alegre\",\"description\":\"Empresa de Climatizaci\u00f3n, Biomasa y Geotermia\",\"potentialAction\":[{\"@type\":\"SearchAction\",\"target\":{\"@type\":\"EntryPoint\",\"urlTemplate\":\"https:\/\/instalacionesalegre.com\/?s={search_term_string}\"},\"query-input\":\"required name=search_term_string\"}],\"inLanguage\":\"es\"}]}<\/script>\n<!-- \/ Yoast SEO plugin. -->","yoast_head_json":{"title":"Calefacci\u00f3n - Instalaciones Alegre","description":"Descubre nuestra calefacci\u00f3n eficiente en Instalaciones Alegre. Calor y confort para tu hogar o negocio. Pide presupuesto","robots":{"index":"index","follow":"follow","max-snippet":"max-snippet:-1","max-image-preview":"max-image-preview:large","max-video-preview":"max-video-preview:-1"},"canonical":"https:\/\/instalacionesalegre.com\/index.php\/servicios\/calefaccion\/","og_locale":"es_ES","og_type":"article","og_title":"Calefacci\u00f3n - Instalaciones Alegre","og_description":"Descubre nuestra calefacci\u00f3n eficiente en Instalaciones Alegre. Calor y confort para tu hogar o negocio. Pide presupuesto","og_url":"https:\/\/instalacionesalegre.com\/index.php\/servicios\/calefaccion\/","og_site_name":"Instalaciones Alegre","article_modified_time":"2023-09-27T16:13:31+00:00","og_image":[{"width":2560,"height":1017,"url":"https:\/\/instalacionesalegre.com\/wp-content\/uploads\/2020\/08\/boiler-hero.jpg","type":"image\/jpeg"}],"twitter_card":"summary_large_image","twitter_misc":{"Tiempo de lectura":"3 minutos"},"schema":{"@context":"https:\/\/schema.org","@graph":[{"@type":"WebPage","@id":"https:\/\/instalacionesalegre.com\/index.php\/servicios\/calefaccion\/","url":"https:\/\/instalacionesalegre.com\/index.php\/servicios\/calefaccion\/","name":"Calefacci\u00f3n - Instalaciones Alegre","isPartOf":{"@id":"https:\/\/instalacionesalegre.com\/#website"},"datePublished":"2020-03-11T09:00:30+00:00","dateModified":"2023-09-27T16:13:31+00:00","description":"Descubre nuestra calefacci\u00f3n eficiente en Instalaciones Alegre. Calor y confort para tu hogar o negocio. Pide presupuesto","breadcrumb":{"@id":"https:\/\/instalacionesalegre.com\/index.php\/servicios\/calefaccion\/#breadcrumb"},"inLanguage":"es","potentialAction":[{"@type":"ReadAction","target":["https:\/\/instalacionesalegre.com\/index.php\/servicios\/calefaccion\/"]}]},{"@type":"BreadcrumbList","@id":"https:\/\/instalacionesalegre.com\/index.php\/servicios\/calefaccion\/#breadcrumb","itemListElement":[{"@type":"ListItem","position":1,"name":"Portada","item":"https:\/\/instalacionesalegre.com\/"},{"@type":"ListItem","position":2,"name":"Servicios","item":"https:\/\/instalacionesalegre.com\/index.php\/servicios\/"},{"@type":"ListItem","position":3,"name":"Calefacci\u00f3n"}]},{"@type":"WebSite","@id":"https:\/\/instalacionesalegre.com\/#website","url":"https:\/\/instalacionesalegre.com\/","name":"Instalaciones Alegre","description":"Empresa de Climatizaci\u00f3n, Biomasa y Geotermia","potentialAction":[{"@type":"SearchAction","target":{"@type":"EntryPoint","urlTemplate":"https:\/\/instalacionesalegre.com\/?s={search_term_string}"},"query-input":"required name=search_term_string"}],"inLanguage":"es"}]}},"_links":{"self":[{"href":"https:\/\/instalacionesalegre.com\/index.php\/wp-json\/wp\/v2\/pages\/20","targetHints":{"allow":["GET"]}}],"collection":[{"href":"https:\/\/instalacionesalegre.com\/index.php\/wp-json\/wp\/v2\/pages"}],"about":[{"href":"https:\/\/instalacionesalegre.com\/index.php\/wp-json\/wp\/v2\/types\/page"}],"author":[{"embeddable":true,"href":"https:\/\/instalacionesalegre.com\/index.php\/wp-json\/wp\/v2\/users\/1"}],"replies":[{"embeddable":true,"href":"https:\/\/instalacionesalegre.com\/index.php\/wp-json\/wp\/v2\/comments?post=20"}],"version-history":[{"count":6,"href":"https:\/\/instalacionesalegre.com\/index.php\/wp-json\/wp\/v2\/pages\/20\/revisions"}],"predecessor-version":[{"id":2486,"href":"https:\/\/instalacionesalegre.com\/index.php\/wp-json\/wp\/v2\/pages\/20\/revisions\/2486"}],"up":[{"embeddable":true,"href":"https:\/\/instalacionesalegre.com\/index.php\/wp-json\/wp\/v2\/pages\/14"}],"wp:featuredmedia":[{"embeddable":true,"href":"https:\/\/instalacionesalegre.com\/index.php\/wp-json\/wp\/v2\/media\/742"}],"wp:attachment":[{"href":"https:\/\/instalacionesalegre.com\/index.php\/wp-json\/wp\/v2\/media?parent=20"}],"curies":[{"name":"wp","href":"https:\/\/api.w.org\/{rel}","templated":true}]}}