{"id":26,"date":"2020-03-11T09:01:47","date_gmt":"2020-03-11T09:01:47","guid":{"rendered":"https:\/\/alegre.180gr.com\/?page_id=26"},"modified":"2023-09-27T16:15:14","modified_gmt":"2023-09-27T16:15:14","slug":"geotermia","status":"publish","type":"page","link":"https:\/\/instalacionesalegre.com\/index.php\/servicios\/geotermia\/","title":{"rendered":"Geotermia"},"content":{"rendered":"<div class=\"fusion-fullwidth fullwidth-box fusion-builder-row-1 fusion-flex-container nonhundred-percent-fullwidth non-hundred-percent-height-scrolling\" style=\"--awb-border-radius-top-left:0px;--awb-border-radius-top-right:0px;--awb-border-radius-bottom-right:0px;--awb-border-radius-bottom-left:0px;--awb-padding-right:0px;--awb-padding-left:0px;--awb-flex-wrap:wrap;\" ><div class=\"fusion-builder-row fusion-row fusion-flex-align-items-flex-start fusion-flex-content-wrap\" style=\"max-width:1185.6px;margin-left: calc(-4% \/ 2 );margin-right: calc(-4% \/ 2 );\"><div class=\"fusion-layout-column fusion_builder_column fusion-builder-column-0 fusion_builder_column_1_1 1_1 fusion-flex-column fusion-animated\" style=\"--awb-bg-size:cover;--awb-width-large:100%;--awb-margin-top-large:0px;--awb-spacing-right-large:1.92%;--awb-margin-bottom-large:20px;--awb-spacing-left-large:1.92%;--awb-width-medium:100%;--awb-spacing-right-medium:1.92%;--awb-spacing-left-medium:1.92%;--awb-width-small:100%;--awb-spacing-right-small:1.92%;--awb-spacing-left-small:1.92%;\" data-animationType=\"fadeInUp\" data-animationDuration=\"1.0\" data-animationOffset=\"top-into-view\"><div class=\"fusion-column-wrapper fusion-column-has-shadow fusion-flex-justify-content-flex-start fusion-content-layout-column\"><div class=\"fusion-image-element \" style=\"--awb-caption-title-font-family:var(--h2_typography-font-family);--awb-caption-title-font-weight:var(--h2_typography-font-weight);--awb-caption-title-font-style:var(--h2_typography-font-style);--awb-caption-title-size:var(--h2_typography-font-size);--awb-caption-title-transform:var(--h2_typography-text-transform);--awb-caption-title-line-height:var(--h2_typography-line-height);--awb-caption-title-letter-spacing:var(--h2_typography-letter-spacing);\"><span class=\" fusion-imageframe imageframe-none imageframe-1 hover-type-none\" style=\"border-radius:8px;\"><img decoding=\"async\" width=\"1500\" height=\"1000\" alt=\"Geotermia instalaciones Alegre\" title=\"retrato-familia-feliz-sentado-calido-parquet-calefaccion-suelo-radiante-tuberias\" src=\"https:\/\/instalacionesalegre.com\/wp-content\/uploads\/2023\/09\/retrato-familia-feliz-sentado-calido-parquet-calefaccion-suelo-radiante-tuberias.jpeg\" data-orig-src=\"https:\/\/instalacionesalegre.com\/wp-content\/uploads\/2023\/09\/retrato-familia-feliz-sentado-calido-parquet-calefaccion-suelo-radiante-tuberias.jpeg\" class=\"lazyload img-responsive wp-image-2466\" srcset=\"data:image\/svg+xml,%3Csvg%20xmlns%3D%27http%3A%2F%2Fwww.w3.org%2F2000%2Fsvg%27%20width%3D%271500%27%20height%3D%271000%27%20viewBox%3D%270%200%201500%201000%27%3E%3Crect%20width%3D%271500%27%20height%3D%271000%27%20fill-opacity%3D%220%22%2F%3E%3C%2Fsvg%3E\" data-srcset=\"https:\/\/instalacionesalegre.com\/wp-content\/uploads\/2023\/09\/retrato-familia-feliz-sentado-calido-parquet-calefaccion-suelo-radiante-tuberias-200x133.jpeg 200w, https:\/\/instalacionesalegre.com\/wp-content\/uploads\/2023\/09\/retrato-familia-feliz-sentado-calido-parquet-calefaccion-suelo-radiante-tuberias-400x267.jpeg 400w, https:\/\/instalacionesalegre.com\/wp-content\/uploads\/2023\/09\/retrato-familia-feliz-sentado-calido-parquet-calefaccion-suelo-radiante-tuberias-600x400.jpeg 600w, https:\/\/instalacionesalegre.com\/wp-content\/uploads\/2023\/09\/retrato-familia-feliz-sentado-calido-parquet-calefaccion-suelo-radiante-tuberias-800x533.jpeg 800w, https:\/\/instalacionesalegre.com\/wp-content\/uploads\/2023\/09\/retrato-familia-feliz-sentado-calido-parquet-calefaccion-suelo-radiante-tuberias-1200x800.jpeg 1200w, https:\/\/instalacionesalegre.com\/wp-content\/uploads\/2023\/09\/retrato-familia-feliz-sentado-calido-parquet-calefaccion-suelo-radiante-tuberias.jpeg 1500w\" data-sizes=\"auto\" data-orig-sizes=\"(max-width: 1024px) 100vw, (max-width: 640px) 100vw, 1200px\" \/><\/span><\/div><div class=\"fusion-title title fusion-title-1 fusion-sep-none fusion-title-text fusion-title-size-three\" style=\"--awb-margin-top:40px;--awb-margin-bottom:30px;--awb-margin-top-small:40px;--awb-margin-bottom-small:30px;\"><h3 class=\"fusion-title-heading title-heading-left fusion-responsive-typography-calculated\" style=\"margin:0;text-transform:capitalize;--fontSize:28;line-height:1.2;\">Geotermia<\/h3><\/div><div class=\"fusion-text fusion-text-1\"><p><strong>Servicios de Geotermia con Instalaciones Alegre<\/strong><\/p>\n<p>En <strong>Instalaciones Alegre<\/strong>, nos enorgullece ser pioneros en el \u00e1mbito nacional en sistemas de geotermia, una tecnolog\u00eda innovadora que ofrece soluciones de calefacci\u00f3n y refrigeraci\u00f3n altamente eficientes y sostenibles.<\/p>\n<p><strong>\u00bfQu\u00e9 es la Geotermia?<\/strong><\/p>\n<p>La geotermia es un sistema de climatizaci\u00f3n que aprovecha el calor almacenado en la Tierra para calentar o enfriar su hogar, local comercial u oficina de manera eficiente y respetuosa con el medio ambiente. Este proceso implica la extracci\u00f3n de calor del subsuelo en invierno y su disipaci\u00f3n en verano, proporcionando un confort t\u00e9rmico constante durante todo el a\u00f1o.<\/p>\n<p><strong>Ventajas de Nuestros Servicios de Geotermia<\/strong><\/p>\n<ul>\n<li><strong>Sostenibilidad Ambiental<\/strong>: La geotermia es una opci\u00f3n respetuosa con el medio ambiente, ya que utiliza una fuente de energ\u00eda inagotable y no emite gases de efecto invernadero.<\/li>\n<li><strong>Eficiencia Energ\u00e9tica<\/strong>: Los sistemas de geotermia son altamente eficientes y pueden reducir significativamente sus costos de energ\u00eda a largo plazo.<\/li>\n<li><strong>Independencia Energ\u00e9tica<\/strong>: Al depender de una fuente de energ\u00eda local y renovable, disminuye su dependencia de combustibles f\u00f3siles.<\/li>\n<li><strong>Confort Personalizado<\/strong>: Ofrecemos soluciones de geotermia personalizadas para adaptarse a sus necesidades espec\u00edficas de calefacci\u00f3n y refrigeraci\u00f3n.<\/li>\n<li><strong>Durabilidad y Fiabilidad<\/strong>: Los sistemas de geotermia son conocidos por su durabilidad y confiabilidad a largo plazo, lo que garantiza un rendimiento constante.<\/li>\n<\/ul>\n<p>En <strong>Instalaciones Alegre<\/strong>, estamos comprometidos a brindarle las soluciones m\u00e1s avanzadas y efectivas en geotermia que transformar\u00e1n su forma de mantener su espacio a la temperatura adecuada. Descubra c\u00f3mo la geotermia puede hacer que su hogar u oficina sea m\u00e1s eficiente y respetuoso con el medio ambiente.<\/p>\n<\/div><\/div><\/div><\/div><\/div>\n","protected":false},"excerpt":{"rendered":"","protected":false},"author":1,"featured_media":749,"parent":14,"menu_order":0,"comment_status":"closed","ping_status":"closed","template":"100-width.php","meta":{"footnotes":""},"class_list":["post-26","page","type-page","status-publish","has-post-thumbnail","hentry"],"yoast_head":"<!-- This site is optimized with the Yoast SEO plugin v21.7 - https:\/\/yoast.com\/wordpress\/plugins\/seo\/ -->\n<title>Geotermia - Instalaciones Alegre<\/title>\n<meta name=\"description\" content=\"Descubre la energ\u00eda sostenible con nuestro servicio de geotermia en Instalaciones Alegre. Aprovecha el calor de la Tierra\" \/>\n<meta name=\"robots\" content=\"index, follow, max-snippet:-1, max-image-preview:large, max-video-preview:-1\" \/>\n<link rel=\"canonical\" href=\"https:\/\/instalacionesalegre.com\/index.php\/servicios\/geotermia\/\" \/>\n<meta property=\"og:locale\" content=\"es_ES\" \/>\n<meta property=\"og:type\" content=\"article\" \/>\n<meta property=\"og:title\" content=\"Geotermia - Instalaciones Alegre\" \/>\n<meta property=\"og:description\" content=\"Descubre la energ\u00eda sostenible con nuestro servicio de geotermia en Instalaciones Alegre. Aprovecha el calor de la Tierra\" \/>\n<meta property=\"og:url\" content=\"https:\/\/instalacionesalegre.com\/index.php\/servicios\/geotermia\/\" \/>\n<meta property=\"og:site_name\" content=\"Instalaciones Alegre\" \/>\n<meta property=\"article:modified_time\" content=\"2023-09-27T16:15:14+00:00\" \/>\n<meta property=\"og:image\" content=\"https:\/\/instalacionesalegre.com\/wp-content\/uploads\/2020\/08\/drainage-hero.jpg\" \/>\n\t<meta property=\"og:image:width\" content=\"2560\" \/>\n\t<meta property=\"og:image:height\" content=\"1017\" \/>\n\t<meta property=\"og:image:type\" content=\"image\/jpeg\" \/>\n<meta name=\"twitter:card\" content=\"summary_large_image\" \/>\n<meta name=\"twitter:label1\" content=\"Tiempo de lectura\" \/>\n\t<meta name=\"twitter:data1\" content=\"2 minutos\" \/>\n<script type=\"application\/ld+json\" class=\"yoast-schema-graph\">{\"@context\":\"https:\/\/schema.org\",\"@graph\":[{\"@type\":\"WebPage\",\"@id\":\"https:\/\/instalacionesalegre.com\/index.php\/servicios\/geotermia\/\",\"url\":\"https:\/\/instalacionesalegre.com\/index.php\/servicios\/geotermia\/\",\"name\":\"Geotermia - Instalaciones Alegre\",\"isPartOf\":{\"@id\":\"https:\/\/instalacionesalegre.com\/#website\"},\"datePublished\":\"2020-03-11T09:01:47+00:00\",\"dateModified\":\"2023-09-27T16:15:14+00:00\",\"description\":\"Descubre la energ\u00eda sostenible con nuestro servicio de geotermia en Instalaciones Alegre. Aprovecha el calor de la Tierra\",\"breadcrumb\":{\"@id\":\"https:\/\/instalacionesalegre.com\/index.php\/servicios\/geotermia\/#breadcrumb\"},\"inLanguage\":\"es\",\"potentialAction\":[{\"@type\":\"ReadAction\",\"target\":[\"https:\/\/instalacionesalegre.com\/index.php\/servicios\/geotermia\/\"]}]},{\"@type\":\"BreadcrumbList\",\"@id\":\"https:\/\/instalacionesalegre.com\/index.php\/servicios\/geotermia\/#breadcrumb\",\"itemListElement\":[{\"@type\":\"ListItem\",\"position\":1,\"name\":\"Portada\",\"item\":\"https:\/\/instalacionesalegre.com\/\"},{\"@type\":\"ListItem\",\"position\":2,\"name\":\"Servicios\",\"item\":\"https:\/\/instalacionesalegre.com\/index.php\/servicios\/\"},{\"@type\":\"ListItem\",\"position\":3,\"name\":\"Geotermia\"}]},{\"@type\":\"WebSite\",\"@id\":\"https:\/\/instalacionesalegre.com\/#website\",\"url\":\"https:\/\/instalacionesalegre.com\/\",\"name\":\"Instalaciones Alegre\",\"description\":\"Empresa de Climatizaci\u00f3n, Biomasa y Geotermia\",\"potentialAction\":[{\"@type\":\"SearchAction\",\"target\":{\"@type\":\"EntryPoint\",\"urlTemplate\":\"https:\/\/instalacionesalegre.com\/?s={search_term_string}\"},\"query-input\":\"required name=search_term_string\"}],\"inLanguage\":\"es\"}]}<\/script>\n<!-- \/ Yoast SEO plugin. -->","yoast_head_json":{"title":"Geotermia - Instalaciones Alegre","description":"Descubre la energ\u00eda sostenible con nuestro servicio de geotermia en Instalaciones Alegre. Aprovecha el calor de la Tierra","robots":{"index":"index","follow":"follow","max-snippet":"max-snippet:-1","max-image-preview":"max-image-preview:large","max-video-preview":"max-video-preview:-1"},"canonical":"https:\/\/instalacionesalegre.com\/index.php\/servicios\/geotermia\/","og_locale":"es_ES","og_type":"article","og_title":"Geotermia - Instalaciones Alegre","og_description":"Descubre la energ\u00eda sostenible con nuestro servicio de geotermia en Instalaciones Alegre. Aprovecha el calor de la Tierra","og_url":"https:\/\/instalacionesalegre.com\/index.php\/servicios\/geotermia\/","og_site_name":"Instalaciones Alegre","article_modified_time":"2023-09-27T16:15:14+00:00","og_image":[{"width":2560,"height":1017,"url":"https:\/\/instalacionesalegre.com\/wp-content\/uploads\/2020\/08\/drainage-hero.jpg","type":"image\/jpeg"}],"twitter_card":"summary_large_image","twitter_misc":{"Tiempo de lectura":"2 minutos"},"schema":{"@context":"https:\/\/schema.org","@graph":[{"@type":"WebPage","@id":"https:\/\/instalacionesalegre.com\/index.php\/servicios\/geotermia\/","url":"https:\/\/instalacionesalegre.com\/index.php\/servicios\/geotermia\/","name":"Geotermia - Instalaciones Alegre","isPartOf":{"@id":"https:\/\/instalacionesalegre.com\/#website"},"datePublished":"2020-03-11T09:01:47+00:00","dateModified":"2023-09-27T16:15:14+00:00","description":"Descubre la energ\u00eda sostenible con nuestro servicio de geotermia en Instalaciones Alegre. Aprovecha el calor de la Tierra","breadcrumb":{"@id":"https:\/\/instalacionesalegre.com\/index.php\/servicios\/geotermia\/#breadcrumb"},"inLanguage":"es","potentialAction":[{"@type":"ReadAction","target":["https:\/\/instalacionesalegre.com\/index.php\/servicios\/geotermia\/"]}]},{"@type":"BreadcrumbList","@id":"https:\/\/instalacionesalegre.com\/index.php\/servicios\/geotermia\/#breadcrumb","itemListElement":[{"@type":"ListItem","position":1,"name":"Portada","item":"https:\/\/instalacionesalegre.com\/"},{"@type":"ListItem","position":2,"name":"Servicios","item":"https:\/\/instalacionesalegre.com\/index.php\/servicios\/"},{"@type":"ListItem","position":3,"name":"Geotermia"}]},{"@type":"WebSite","@id":"https:\/\/instalacionesalegre.com\/#website","url":"https:\/\/instalacionesalegre.com\/","name":"Instalaciones Alegre","description":"Empresa de Climatizaci\u00f3n, Biomasa y Geotermia","potentialAction":[{"@type":"SearchAction","target":{"@type":"EntryPoint","urlTemplate":"https:\/\/instalacionesalegre.com\/?s={search_term_string}"},"query-input":"required name=search_term_string"}],"inLanguage":"es"}]}},"_links":{"self":[{"href":"https:\/\/instalacionesalegre.com\/index.php\/wp-json\/wp\/v2\/pages\/26","targetHints":{"allow":["GET"]}}],"collection":[{"href":"https:\/\/instalacionesalegre.com\/index.php\/wp-json\/wp\/v2\/pages"}],"about":[{"href":"https:\/\/instalacionesalegre.com\/index.php\/wp-json\/wp\/v2\/types\/page"}],"author":[{"embeddable":true,"href":"https:\/\/instalacionesalegre.com\/index.php\/wp-json\/wp\/v2\/users\/1"}],"replies":[{"embeddable":true,"href":"https:\/\/instalacionesalegre.com\/index.php\/wp-json\/wp\/v2\/comments?post=26"}],"version-history":[{"count":3,"href":"https:\/\/instalacionesalegre.com\/index.php\/wp-json\/wp\/v2\/pages\/26\/revisions"}],"predecessor-version":[{"id":2488,"href":"https:\/\/instalacionesalegre.com\/index.php\/wp-json\/wp\/v2\/pages\/26\/revisions\/2488"}],"up":[{"embeddable":true,"href":"https:\/\/instalacionesalegre.com\/index.php\/wp-json\/wp\/v2\/pages\/14"}],"wp:featuredmedia":[{"embeddable":true,"href":"https:\/\/instalacionesalegre.com\/index.php\/wp-json\/wp\/v2\/media\/749"}],"wp:attachment":[{"href":"https:\/\/instalacionesalegre.com\/index.php\/wp-json\/wp\/v2\/media?parent=26"}],"curies":[{"name":"wp","href":"https:\/\/api.w.org\/{rel}","templated":true}]}}